{"id":1287,"date":"2022-03-30T17:12:41","date_gmt":"2022-03-30T17:12:41","guid":{"rendered":"https:\/\/2022.nireahotel.com\/?page_id=1287"},"modified":"2024-07-31T15:09:30","modified_gmt":"2024-07-31T15:09:30","slug":"el-hotel","status":"publish","type":"page","link":"https:\/\/nireahotel.com\/es\/el-hotel\/","title":{"rendered":"El Hotel"},"content":{"rendered":"<div class=\"wpb-content-wrapper\"><div class=\"vc_row wpb_row vc_row-fluid\"><div class=\"wpb_column vc_column_container vc_col-sm-3\"><div class=\"vc_column-inner\"><div class=\"wpb_wrapper\"><\/div><\/div><\/div><div class=\"wpb_column vc_column_container vc_col-sm-6\"><div class=\"vc_column-inner vc_custom_1698402128315\"><div class=\"wpb_wrapper\">\n\t<div class=\"wpb_text_column wpb_content_element letter_spaces_3\" >\n\t\t<div class=\"wpb_wrapper\">\n\t\t\t<h2 class=\"h2_bira\" style=\"text-align: center;\"><span style=\"color: #475953;\">EL HOTEL<\/span><\/h2>\n\n\t\t<\/div>\n\t<\/div>\n<\/div><\/div><\/div><div class=\"wpb_column vc_column_container vc_col-sm-3\"><div class=\"vc_column-inner\"><div class=\"wpb_wrapper\"><\/div><\/div><\/div><\/div><div class=\"vc_row wpb_row vc_row-fluid\"><div class=\"wpb_column vc_column_container vc_col-sm-3\"><div class=\"vc_column-inner\"><div class=\"wpb_wrapper\"><\/div><\/div><\/div><div class=\"wpb_column vc_column_container vc_col-sm-6 vc_hidden-xs\"><div class=\"vc_column-inner\"><div class=\"wpb_wrapper\">\n\t<div class=\"wpb_text_column wpb_content_element\" >\n\t\t<div class=\"wpb_wrapper\">\n\t\t\t<p style=\"text-align: center;\"><span style=\"color: #666666;\">Somos un peque\u00f1o hotel con encanto de 20 habitaciones pensadas para aquellas personas que quieren descansar en un lugar especial en Vitoria-Gasteiz.<\/span><\/p>\n\n\t\t<\/div>\n\t<\/div>\n<\/div><\/div><\/div><div class=\"wpb_column vc_column_container vc_col-sm-3\"><div class=\"vc_column-inner\"><div class=\"wpb_wrapper\"><\/div><\/div><\/div><\/div><div class=\"vc_row wpb_row vc_row-fluid\"><div class=\"wpb_column vc_column_container vc_col-sm-3\"><div class=\"vc_column-inner\"><div class=\"wpb_wrapper\"><\/div><\/div><\/div><div class=\"wpb_column vc_column_container vc_col-sm-6 vc_hidden-lg vc_hidden-md vc_hidden-sm\"><div class=\"vc_column-inner vc_custom_1699543660926\"><div class=\"wpb_wrapper\">\n\t<div class=\"wpb_text_column wpb_content_element\" >\n\t\t<div class=\"wpb_wrapper\">\n\t\t\t<p style=\"text-align: center;\"><span style=\"color: #666666;\">Somos un peque\u00f1o hotel con encanto de 20 habitaciones pensadas para aquellas personas que quieren descansar en un lugar especial en Vitoria-Gasteiz.<\/span><\/p>\n\n\t\t<\/div>\n\t<\/div>\n<\/div><\/div><\/div><div class=\"wpb_column vc_column_container vc_col-sm-3\"><div class=\"vc_column-inner\"><div class=\"wpb_wrapper\"><\/div><\/div><\/div><\/div><div class=\"vc_row wpb_row vc_row-fluid\"><div class=\"wpb_column vc_column_container vc_col-sm-4\"><div class=\"vc_column-inner\"><div class=\"wpb_wrapper\">\n\t<div class=\"wpb_raw_code wpb_raw_html wpb_content_element\" >\n\t\t<div class=\"wpb_wrapper\">\n\t\t\t<div class=\"au-popup\">\n       <div class=\"au-popup-inner\">\n<iframe src=\"https:\/\/my.matterport.com\/show\/?m=uakZBVcUuTF&sr=-.5,-.49&ss=2\" frameborder=\"0\" style=\"height:100%;display:block; width:100%; border:none;\"><\/iframe>\n       <span class=\"au-close\">&times;<\/span>\n       <\/div>\n    <\/div>\n\t\t<\/div>\n\t<\/div>\n<\/div><\/div><\/div><div class=\"wpb_column vc_column_container vc_col-sm-4\"><div class=\"vc_column-inner\"><div class=\"wpb_wrapper\"><div class=\"vc_btn3-container  btn-gris-oscuro vc_btn3-center vc_do_btn\" id=\"btn-tour\" ><a class=\"vc_general vc_btn3 vc_btn3-size-md vc_btn3-shape-square vc_btn3-style-outline vc_btn3-color-black\" href=\"https:\/\/my.matterport.com\/show\/?m=uakZBVcUuTF\" title=\"\">TOUR VIRTUAL<\/a><\/div><\/div><\/div><\/div><div class=\"wpb_column vc_column_container vc_col-sm-4\"><div class=\"vc_column-inner\"><div class=\"wpb_wrapper\"><\/div><\/div><\/div><\/div><div class=\"vc_row wpb_row vc_row-fluid descansa-centro vc_custom_1700155349082 vc_row-has-fill\"><div class=\"wpb_column vc_column_container vc_col-sm-12\"><div class=\"vc_column-inner\"><div class=\"wpb_wrapper\">\n\t<div class=\"wpb_text_column wpb_content_element descansa-centro\" >\n\t\t<div class=\"wpb_wrapper\">\n\t\t\t<h2 style=\"text-align: center;\"><span style=\"color: #b1a499;\">descansa<\/span><br \/>\n<span style=\"color: #b1a499;\">en pleno centro<\/span><\/h2>\n\n\t\t<\/div>\n\t<\/div>\n<\/div><\/div><\/div><\/div><div class=\"vc_row wpb_row vc_row-fluid vc_custom_1700136345958 vc_row-has-fill\"><div class=\"wpb_column vc_column_container vc_col-sm-2\"><div class=\"vc_column-inner\"><div class=\"wpb_wrapper\"><\/div><\/div><\/div><div class=\"wpb_column vc_column_container vc_col-sm-8 vc_hidden-xs\"><div class=\"vc_column-inner\"><div class=\"wpb_wrapper\"><div class=\"vc_row wpb_row vc_inner vc_row-fluid vc_custom_1699544399795\"><div class=\"wpb_column vc_column_container vc_col-sm-6\"><div class=\"vc_column-inner vc_custom_1699544391514\"><div class=\"wpb_wrapper\">\n\t<div  class=\"wpb_single_image wpb_content_element vc_align_left wpb_content_element\">\n\t\t\n\t\t<figure class=\"wpb_wrapper vc_figure\">\n\t\t\t<div class=\"vc_single_image-wrapper   vc_box_border_grey\"><img loading=\"lazy\" decoding=\"async\" width=\"1856\" height=\"2500\" src=\"https:\/\/nireahotel.com\/wp-content\/uploads\/2022\/04\/HOTEL.NIREA_003.jpg\" class=\"vc_single_image-img attachment-full\" alt=\"\" title=\"HOTEL.NIREA_003\" srcset=\"https:\/\/nireahotel.com\/wp-content\/uploads\/2022\/04\/HOTEL.NIREA_003.jpg 1856w, https:\/\/nireahotel.com\/wp-content\/uploads\/2022\/04\/HOTEL.NIREA_003-223x300.jpg 223w, https:\/\/nireahotel.com\/wp-content\/uploads\/2022\/04\/HOTEL.NIREA_003-760x1024.jpg 760w, https:\/\/nireahotel.com\/wp-content\/uploads\/2022\/04\/HOTEL.NIREA_003-768x1034.jpg 768w, https:\/\/nireahotel.com\/wp-content\/uploads\/2022\/04\/HOTEL.NIREA_003-1140x1536.jpg 1140w, https:\/\/nireahotel.com\/wp-content\/uploads\/2022\/04\/HOTEL.NIREA_003-1520x2048.jpg 1520w\" sizes=\"auto, (max-width: 1856px) 100vw, 1856px\" \/><\/div>\n\t\t<\/figure>\n\t<\/div>\n<\/div><\/div><\/div><div class=\"wpb_column vc_column_container vc_col-sm-6\"><div class=\"vc_column-inner\"><div class=\"wpb_wrapper\">\n\t<div class=\"wpb_text_column wpb_content_element\" >\n\t\t<div class=\"wpb_wrapper\">\n\t\t\t<p style=\"text-align: left;\"><span style=\"color: #666666;\">Nirea nace de la idea de recuperar <\/span><span style=\"color: #666666;\">un antiguo edificio de viviendas <\/span><span style=\"color: #666666;\">y convertirlo en un lugar donde <\/span><span style=\"color: #666666;\">desconectar y descansar en pleno centro de Vitoria-Gasteiz.<\/span><\/p>\n<p>&nbsp;<\/p>\n<p><span style=\"color: #666666;\">La mitad de las habitaciones cuentan con los cl\u00e1sicos miradores blancos que caracterizan la arquitectura del ensanche, un lugar \u00fanico para contemplar el d\u00eda a d\u00eda de nuestra ciudad.<\/span><\/p>\n\n\t\t<\/div>\n\t<\/div>\n\n\t<div class=\"wpb_raw_code wpb_raw_html wpb_content_element mirai-ordenador a-izda\" >\n\t\t<div class=\"wpb_wrapper\">\n\t\t\t<a href=\"\/bookingstep1.html?idtokenprovider=100378349&lang=es&currency=EUR\" class=\"btn-reservar\">Reservar<\/a>\n\t\t<\/div>\n\t<\/div>\n\n\t<div class=\"wpb_raw_code wpb_raw_html wpb_content_element mirai-movil\" >\n\t\t<div class=\"wpb_wrapper\">\n\t\t\t<a href=\"\/bookingstep1-mobile.html?idtokenprovider=100378349&lang=es&currency=EUR\" class=\"btn-reservar\">Reservar<\/a>\n\t\t<\/div>\n\t<\/div>\n<\/div><\/div><\/div><\/div><\/div><\/div><\/div><div class=\"wpb_column vc_column_container vc_col-sm-2\"><div class=\"vc_column-inner\"><div class=\"wpb_wrapper\"><\/div><\/div><\/div><\/div><div class=\"vc_row wpb_row vc_row-fluid vc_custom_1700136378693 vc_row-has-fill\"><div class=\"wpb_column vc_column_container vc_col-sm-2\"><div class=\"vc_column-inner\"><div class=\"wpb_wrapper\"><\/div><\/div><\/div><div class=\"wpb_column vc_column_container vc_col-sm-8 vc_hidden-lg vc_hidden-md vc_hidden-sm\"><div class=\"vc_column-inner\"><div class=\"wpb_wrapper\"><div class=\"vc_row wpb_row vc_inner vc_row-fluid vc_custom_1699544399795\"><div class=\"wpb_column vc_column_container vc_col-sm-6\"><div class=\"vc_column-inner vc_custom_1699544391514\"><div class=\"wpb_wrapper\">\n\t<div  class=\"wpb_single_image wpb_content_element vc_align_left wpb_content_element\">\n\t\t\n\t\t<figure class=\"wpb_wrapper vc_figure\">\n\t\t\t<div class=\"vc_single_image-wrapper   vc_box_border_grey\"><img loading=\"lazy\" decoding=\"async\" width=\"1856\" height=\"2500\" src=\"https:\/\/nireahotel.com\/wp-content\/uploads\/2022\/04\/HOTEL.NIREA_003.jpg\" class=\"vc_single_image-img attachment-full\" alt=\"\" title=\"HOTEL.NIREA_003\" srcset=\"https:\/\/nireahotel.com\/wp-content\/uploads\/2022\/04\/HOTEL.NIREA_003.jpg 1856w, https:\/\/nireahotel.com\/wp-content\/uploads\/2022\/04\/HOTEL.NIREA_003-223x300.jpg 223w, https:\/\/nireahotel.com\/wp-content\/uploads\/2022\/04\/HOTEL.NIREA_003-760x1024.jpg 760w, https:\/\/nireahotel.com\/wp-content\/uploads\/2022\/04\/HOTEL.NIREA_003-768x1034.jpg 768w, https:\/\/nireahotel.com\/wp-content\/uploads\/2022\/04\/HOTEL.NIREA_003-1140x1536.jpg 1140w, https:\/\/nireahotel.com\/wp-content\/uploads\/2022\/04\/HOTEL.NIREA_003-1520x2048.jpg 1520w\" sizes=\"auto, (max-width: 1856px) 100vw, 1856px\" \/><\/div>\n\t\t<\/figure>\n\t<\/div>\n<\/div><\/div><\/div><div class=\"wpb_column vc_column_container vc_col-sm-6\"><div class=\"vc_column-inner\"><div class=\"wpb_wrapper\">\n\t<div class=\"wpb_text_column wpb_content_element\" >\n\t\t<div class=\"wpb_wrapper\">\n\t\t\t<p style=\"text-align: left;\"><span style=\"color: #666666;\">Nirea nace de la idea de recuperar <\/span><span style=\"color: #666666;\">un antiguo edificio de viviendas <\/span><span style=\"color: #666666;\">y convertirlo en un lugar donde <\/span><span style=\"color: #666666;\">desconectar y descansar en pleno centro de Vitoria-Gasteiz.<\/span><\/p>\n<p>&nbsp;<\/p>\n<p><span style=\"color: #666666;\">La mitad de las habitaciones cuentan con los cl\u00e1sicos miradores blancos que caracterizan la arquitectura del ensanche, un lugar \u00fanico para contemplar el d\u00eda a d\u00eda de nuestra ciudad.<\/span><\/p>\n\n\t\t<\/div>\n\t<\/div>\n\n\t<div class=\"wpb_raw_code wpb_raw_html wpb_content_element\" >\n\t\t<div class=\"wpb_wrapper\">\n\t\t\t<a href=\"\/bookingstep1-mobile.html?idtokenprovider=100378349&lang=es&currency=EUR\" class=\"btn-reservar\">Reservar<\/a>\n\t\t<\/div>\n\t<\/div>\n<\/div><\/div><\/div><\/div><\/div><\/div><\/div><div class=\"wpb_column vc_column_container vc_col-sm-2\"><div class=\"vc_column-inner\"><div class=\"wpb_wrapper\"><\/div><\/div><\/div><\/div><div class=\"vc_row wpb_row vc_row-fluid un-paseo vc_custom_1700155618980\"><div class=\"wpb_column vc_column_container vc_col-sm-3\"><div class=\"vc_column-inner\"><div class=\"wpb_wrapper\"><\/div><\/div><\/div><div class=\"wpb_column vc_column_container vc_col-sm-6\"><div class=\"vc_column-inner\"><div class=\"wpb_wrapper\">\n\t<div class=\"wpb_text_column wpb_content_element\" >\n\t\t<div class=\"wpb_wrapper\">\n\t\t\t<h2 style=\"text-align: center;\"><span style=\"color: #b1a499;\">un paseo<\/span><br \/>\n<span style=\"color: #b1a499;\">por nirea<\/span><\/h2>\n\n\t\t<\/div>\n\t<\/div>\n<\/div><\/div><\/div><div class=\"wpb_column vc_column_container vc_col-sm-3\"><div class=\"vc_column-inner\"><div class=\"wpb_wrapper\"><\/div><\/div><\/div><\/div><div class=\"vc_row wpb_row vc_row-fluid\"><div class=\"wpb_column vc_column_container vc_col-sm-2\"><div class=\"vc_column-inner\"><div class=\"wpb_wrapper\"><\/div><\/div><\/div><div class=\"wpb_column vc_column_container vc_col-sm-8\"><div class=\"vc_column-inner\"><div class=\"wpb_wrapper\">\n\t<div class=\"wpb_video_widget wpb_content_element vc_clearfix  pd-lr-xs-30  vc_video-aspect-ratio-169 vc_video-el-width-100 vc_video-align-left\" >\n\t\t<div class=\"wpb_wrapper\">\n\t\t\t\n\t\t\t<div class=\"wpb_video_wrapper\"><iframe loading=\"lazy\" title=\"Nirea Hotel\" width=\"500\" height=\"281\" src=\"https:\/\/www.youtube.com\/embed\/7lyrYfQhibs?feature=oembed\" frameborder=\"0\" allow=\"accelerometer; autoplay; clipboard-write; encrypted-media; gyroscope; picture-in-picture; web-share\" referrerpolicy=\"strict-origin-when-cross-origin\" allowfullscreen><\/iframe><\/div>\n\t\t<\/div>\n\t<\/div>\n<\/div><\/div><\/div><div class=\"wpb_column vc_column_container vc_col-sm-2\"><div class=\"vc_column-inner\"><div class=\"wpb_wrapper\"><\/div><\/div><\/div><\/div>\n<\/div>"},"excerpt":{"rendered":"<p>[vc_row][vc_column width=&#8221;1\/4&#8243;][\/vc_column][vc_column width=&#8221;1\/2&#8243; css=&#8221;.vc_custom_1698402128315{padding-right: 40px !important;padding-bottom: 40px !important;padding-left: 40px !important;}&#8221;][vc_column_text el_class=&#8221;letter_spaces_3&#8243;] EL HOTEL [\/vc_column_text][\/vc_column][vc_column width=&#8221;1\/4&#8243;][\/vc_column][\/vc_row][vc_row][vc_column width=&#8221;1\/4&#8243;][\/vc_column][vc_column width=&#8221;1\/2&#8243; offset=&#8221;vc_hidden-xs&#8221;][vc_column_text] Somos un peque\u00f1o hotel con encanto de 20 habitaciones pensadas para aquellas personas que quieren descansar en un lugar especial en Vitoria-Gasteiz. [\/vc_column_text][\/vc_column][vc_column width=&#8221;1\/4&#8243;][\/vc_column][\/vc_row][vc_row][vc_column width=&#8221;1\/4&#8243;][\/vc_column][vc_column width=&#8221;1\/2&#8243; css=&#8221;.vc_custom_1699543660926{padding-right: 60px !important;padding-left: 60px !important;}&#8221; offset=&#8221;vc_hidden-lg vc_hidden-md vc_hidden-sm&#8221;][vc_column_text] Somos un peque\u00f1o&#8230;<\/p>\n","protected":false},"author":1,"featured_media":0,"parent":0,"menu_order":0,"comment_status":"open","ping_status":"open","template":"plantilla_au.php","meta":{"footnotes":""},"class_list":["post-1287","page","type-page","status-publish","hentry"],"yoast_head":"<!-- This site is optimized with the Yoast SEO plugin v27.2 - https:\/\/yoast.com\/product\/yoast-seo-wordpress\/ -->\n<title>El Hotel | Nirea Hotel<\/title>\n<meta name=\"description\" content=\"Somos un peque\u00f1o hotel con encanto de 20 habitaciones en el centro de Vitoria-Gasteiz. Conoce todos nuestros servicios.\" \/>\n<meta name=\"robots\" content=\"index, follow, max-snippet:-1, max-image-preview:large, max-video-preview:-1\" \/>\n<link rel=\"canonical\" href=\"https:\/\/nireahotel.com\/es\/el-hotel\/\" \/>\n<meta property=\"og:locale\" content=\"es_ES\" \/>\n<meta property=\"og:type\" content=\"article\" \/>\n<meta property=\"og:title\" content=\"El Hotel | Nirea Hotel\" \/>\n<meta property=\"og:description\" content=\"Somos un peque\u00f1o hotel con encanto de 20 habitaciones en el centro de Vitoria-Gasteiz. Conoce todos nuestros servicios.\" \/>\n<meta property=\"og:url\" content=\"https:\/\/nireahotel.com\/es\/el-hotel\/\" \/>\n<meta property=\"og:site_name\" content=\"Nirea Hotel\" \/>\n<meta property=\"article:modified_time\" content=\"2024-07-31T15:09:30+00:00\" \/>\n<meta name=\"twitter:card\" content=\"summary_large_image\" \/>\n<meta name=\"twitter:label1\" content=\"Tiempo de lectura\" \/>\n\t<meta name=\"twitter:data1\" content=\"2 minutos\" \/>\n<script type=\"application\/ld+json\" class=\"yoast-schema-graph\">{\"@context\":\"https:\/\/schema.org\",\"@graph\":[{\"@type\":\"WebPage\",\"@id\":\"https:\/\/nireahotel.com\/es\/el-hotel\/\",\"url\":\"https:\/\/nireahotel.com\/es\/el-hotel\/\",\"name\":\"El Hotel | Nirea Hotel\",\"isPartOf\":{\"@id\":\"https:\/\/nireahotel.com\/es\/#website\"},\"datePublished\":\"2022-03-30T17:12:41+00:00\",\"dateModified\":\"2024-07-31T15:09:30+00:00\",\"description\":\"Somos un peque\u00f1o hotel con encanto de 20 habitaciones en el centro de Vitoria-Gasteiz. Conoce todos nuestros servicios.\",\"breadcrumb\":{\"@id\":\"https:\/\/nireahotel.com\/es\/el-hotel\/#breadcrumb\"},\"inLanguage\":\"es\",\"potentialAction\":[{\"@type\":\"ReadAction\",\"target\":[\"https:\/\/nireahotel.com\/es\/el-hotel\/\"]}]},{\"@type\":\"BreadcrumbList\",\"@id\":\"https:\/\/nireahotel.com\/es\/el-hotel\/#breadcrumb\",\"itemListElement\":[{\"@type\":\"ListItem\",\"position\":1,\"name\":\"Portada\",\"item\":\"https:\/\/nireahotel.com\/es\/\"},{\"@type\":\"ListItem\",\"position\":2,\"name\":\"El Hotel\"}]},{\"@type\":\"WebSite\",\"@id\":\"https:\/\/nireahotel.com\/es\/#website\",\"url\":\"https:\/\/nireahotel.com\/es\/\",\"name\":\"Nirea Hotel\",\"description\":\"Hotel Nirea en el centro de Vitoria Gasteiz\",\"publisher\":{\"@id\":\"https:\/\/nireahotel.com\/es\/#organization\"},\"potentialAction\":[{\"@type\":\"SearchAction\",\"target\":{\"@type\":\"EntryPoint\",\"urlTemplate\":\"https:\/\/nireahotel.com\/es\/?s={search_term_string}\"},\"query-input\":{\"@type\":\"PropertyValueSpecification\",\"valueRequired\":true,\"valueName\":\"search_term_string\"}}],\"inLanguage\":\"es\"},{\"@type\":\"Organization\",\"@id\":\"https:\/\/nireahotel.com\/es\/#organization\",\"name\":\"Nirea Hotel\",\"url\":\"https:\/\/nireahotel.com\/es\/\",\"logo\":{\"@type\":\"ImageObject\",\"inLanguage\":\"es\",\"@id\":\"https:\/\/nireahotel.com\/es\/#\/schema\/logo\/image\/\",\"url\":\"https:\/\/nireahotel.com\/wp-content\/uploads\/2022\/03\/logo_nirea_a-1.png\",\"contentUrl\":\"https:\/\/nireahotel.com\/wp-content\/uploads\/2022\/03\/logo_nirea_a-1.png\",\"width\":100,\"height\":64,\"caption\":\"Nirea Hotel\"},\"image\":{\"@id\":\"https:\/\/nireahotel.com\/es\/#\/schema\/logo\/image\/\"}}]}<\/script>\n<!-- \/ Yoast SEO plugin. -->","yoast_head_json":{"title":"El Hotel | Nirea Hotel","description":"Somos un peque\u00f1o hotel con encanto de 20 habitaciones en el centro de Vitoria-Gasteiz. Conoce todos nuestros servicios.","robots":{"index":"index","follow":"follow","max-snippet":"max-snippet:-1","max-image-preview":"max-image-preview:large","max-video-preview":"max-video-preview:-1"},"canonical":"https:\/\/nireahotel.com\/es\/el-hotel\/","og_locale":"es_ES","og_type":"article","og_title":"El Hotel | Nirea Hotel","og_description":"Somos un peque\u00f1o hotel con encanto de 20 habitaciones en el centro de Vitoria-Gasteiz. Conoce todos nuestros servicios.","og_url":"https:\/\/nireahotel.com\/es\/el-hotel\/","og_site_name":"Nirea Hotel","article_modified_time":"2024-07-31T15:09:30+00:00","twitter_card":"summary_large_image","twitter_misc":{"Tiempo de lectura":"2 minutos"},"schema":{"@context":"https:\/\/schema.org","@graph":[{"@type":"WebPage","@id":"https:\/\/nireahotel.com\/es\/el-hotel\/","url":"https:\/\/nireahotel.com\/es\/el-hotel\/","name":"El Hotel | Nirea Hotel","isPartOf":{"@id":"https:\/\/nireahotel.com\/es\/#website"},"datePublished":"2022-03-30T17:12:41+00:00","dateModified":"2024-07-31T15:09:30+00:00","description":"Somos un peque\u00f1o hotel con encanto de 20 habitaciones en el centro de Vitoria-Gasteiz. Conoce todos nuestros servicios.","breadcrumb":{"@id":"https:\/\/nireahotel.com\/es\/el-hotel\/#breadcrumb"},"inLanguage":"es","potentialAction":[{"@type":"ReadAction","target":["https:\/\/nireahotel.com\/es\/el-hotel\/"]}]},{"@type":"BreadcrumbList","@id":"https:\/\/nireahotel.com\/es\/el-hotel\/#breadcrumb","itemListElement":[{"@type":"ListItem","position":1,"name":"Portada","item":"https:\/\/nireahotel.com\/es\/"},{"@type":"ListItem","position":2,"name":"El Hotel"}]},{"@type":"WebSite","@id":"https:\/\/nireahotel.com\/es\/#website","url":"https:\/\/nireahotel.com\/es\/","name":"Nirea Hotel","description":"Hotel Nirea en el centro de Vitoria Gasteiz","publisher":{"@id":"https:\/\/nireahotel.com\/es\/#organization"},"potentialAction":[{"@type":"SearchAction","target":{"@type":"EntryPoint","urlTemplate":"https:\/\/nireahotel.com\/es\/?s={search_term_string}"},"query-input":{"@type":"PropertyValueSpecification","valueRequired":true,"valueName":"search_term_string"}}],"inLanguage":"es"},{"@type":"Organization","@id":"https:\/\/nireahotel.com\/es\/#organization","name":"Nirea Hotel","url":"https:\/\/nireahotel.com\/es\/","logo":{"@type":"ImageObject","inLanguage":"es","@id":"https:\/\/nireahotel.com\/es\/#\/schema\/logo\/image\/","url":"https:\/\/nireahotel.com\/wp-content\/uploads\/2022\/03\/logo_nirea_a-1.png","contentUrl":"https:\/\/nireahotel.com\/wp-content\/uploads\/2022\/03\/logo_nirea_a-1.png","width":100,"height":64,"caption":"Nirea Hotel"},"image":{"@id":"https:\/\/nireahotel.com\/es\/#\/schema\/logo\/image\/"}}]}},"_links":{"self":[{"href":"https:\/\/nireahotel.com\/es\/wp-json\/wp\/v2\/paginas\/1287","targetHints":{"allow":["GET"]}}],"collection":[{"href":"https:\/\/nireahotel.com\/es\/wp-json\/wp\/v2\/paginas"}],"about":[{"href":"https:\/\/nireahotel.com\/es\/wp-json\/wp\/v2\/types\/page"}],"author":[{"embeddable":true,"href":"https:\/\/nireahotel.com\/es\/wp-json\/wp\/v2\/users\/1"}],"replies":[{"embeddable":true,"href":"https:\/\/nireahotel.com\/es\/wp-json\/wp\/v2\/comments?post=1287"}],"version-history":[{"count":148,"href":"https:\/\/nireahotel.com\/es\/wp-json\/wp\/v2\/paginas\/1287\/revisions"}],"predecessor-version":[{"id":4267,"href":"https:\/\/nireahotel.com\/es\/wp-json\/wp\/v2\/paginas\/1287\/revisions\/4267"}],"wp:attachment":[{"href":"https:\/\/nireahotel.com\/es\/wp-json\/wp\/v2\/media?parent=1287"}],"curies":[{"name":"wp","href":"https:\/\/api.w.org\/{rel}","templated":true}]}}